{"id":5062,"date":"2024-10-10T17:08:32","date_gmt":"2024-10-10T17:08:32","guid":{"rendered":"https:\/\/hiitbarcelona.com\/politica-de-cookies\/"},"modified":"2024-10-10T17:13:40","modified_gmt":"2024-10-10T17:13:40","slug":"politica-de-cookies","status":"publish","type":"page","link":"https:\/\/hiitbarcelona.com\/ca\/politica-de-cookies\/","title":{"rendered":"Pol\u00edtica de cookies"},"content":{"rendered":"\t\t<div data-elementor-type=\"wp-page\" data-elementor-id=\"5062\" class=\"elementor elementor-5062 elementor-5060\" data-elementor-post-type=\"page\">\n\t\t\t\t\t\t<section class=\"elementor-section elementor-top-section elementor-element elementor-element-2845c31e elementor-section-boxed elementor-section-height-default elementor-section-height-default\" data-id=\"2845c31e\" data-element_type=\"section\" data-e-type=\"section\">\n\t\t\t\t\t\t<div class=\"elementor-container elementor-column-gap-default\">\n\t\t\t\t\t<div class=\"elementor-column elementor-col-100 elementor-top-column elementor-element elementor-element-346039d7\" data-id=\"346039d7\" data-element_type=\"column\" data-e-type=\"column\">\n\t\t\t<div class=\"elementor-widget-wrap elementor-element-populated\">\n\t\t\t\t\t\t<div class=\"elementor-element elementor-element-64d34252 elementor-widget elementor-widget-text-editor\" data-id=\"64d34252\" data-element_type=\"widget\" data-e-type=\"widget\" data-widget_type=\"text-editor.default\">\n\t\t\t\t<div class=\"elementor-widget-container\">\n\t\t\t\t\t\t\t\t\t<p><\/p>\n<p>A hiitbarcelona.com, utilitzem cookies per millorar la teva experi\u00e8ncia de navegaci\u00f3, personalitzar el contingut que veus, i analitzar el tr\u00e0nsit del nostre lloc web. A continuaci\u00f3, t&#8217;expliquem qu\u00e8 s\u00f3n les galetes, quin tipus de galetes utilitzem, i com les pots gestionar. <\/p><p><br><\/p>\n<p><\/p>\n<p><\/p>\n<h4 class=\"wp-block-heading\">Qu\u00e8 s\u00f3n les galetes?<\/h4>\n<p><\/p>\n<p><\/p>\n<p>Les cookies s\u00f3n petits arxius de text que s&#8217;emmagatzemen al dispositiu (ordinador, smartphone, tablet) quan visites el nostre lloc web. Aquestes galetes permeten que el lloc recordi les teves accions i prefer\u00e8ncies durant un per\u00edode de temps, perqu\u00e8 no hagis de tornar a configurar-les cada vegada que ens visitis. <\/p>\n<p><br><\/p>\n<p><\/p>\n<p><\/p>\n<h4 class=\"wp-block-heading\">Tipus de cookies que utilitzem:<\/h4>\n<p><\/p>\n<p><\/p>\n<ol class=\"wp-block-list\"><p><\/p>\n<li><strong>Galetes estrictament necess\u00e0ries<\/strong> : S\u00f3n essencials perqu\u00e8 puguis navegar pel lloc web i utilitzar les seves funcions. Sense, no podries accedir a serveis com l&#8217;inici de sessi\u00f3 o la personalitzaci\u00f3 de contingut. <\/li>\n<p><\/p>\n<p><\/p>\n<li><strong>Cookies de rendiment<\/strong> : Recullen informaci\u00f3 sobre com els usuaris interactuen amb el nostre lloc web, per exemple, les p\u00e0gines m\u00e9s visitades o si experimenten errors en algunes p\u00e0gines. Aquestes dades s\u00f3n an\u00f2nimes i ens ajuden a millorar el funcionament del lloc. <\/li>\n<p><\/p>\n<p><\/p>\n<li><strong>Cookies de funcionalitat<\/strong> : Permeten que el lloc web recordi les eleccions que has fet (com el teu nom d&#8217;usuari, idioma o regi\u00f3) i proporcionen caracter\u00edstiques millorades i m\u00e9s personals.<\/li>\n<p><\/p>\n<p><\/p>\n<li><strong>Galetes de publicitat<\/strong> : Aquestes galetes s&#8217;utilitzen per fer que la publicitat sigui m\u00e9s rellevant per a tu i els teus interessos. Tamb\u00e9 poden limitar la quantitat de vegades que veieu un anunci i mesurar l&#8217;efectivitat de les campanyes publicit\u00e0ries. <\/li>\n<\/ol>\n<div><br><\/div>\n<ol class=\"wp-block-list\">\n<p><\/p>\n<\/ol>\n<p><\/p>\n<p><\/p>\n<h4 class=\"wp-block-heading\">Com pots gestionar les galetes?<\/h4>\n<p><\/p>\n<p><\/p>\n<p>Pots controlar i gestionar les galetes de diverses maneres. La majoria dels navegadors et permeten bloquejar o eliminar les galetes a trav\u00e9s de la configuraci\u00f3. Tingues en compte que, si tries bloquejar cookies, \u00e9s possible que algunes funcionalitats del lloc web es vegin afectades.  <\/p>\n<p><\/p>\n<p><\/p>\n<ul class=\"wp-block-list\"><p><\/p>\n<li><strong>Configuraci\u00f3 del navegador<\/strong> : Podeu ajustar la configuraci\u00f3 del vostre navegador per acceptar o rebutjar cookies.<\/li>\n<p><\/p>\n<p><\/p>\n<li><strong>Panell de control de cookies<\/strong> : En visitar la nostra web per primera vegada, t&#8217;oferim un tauler de control on pots acceptar o rebutjar les cookies no essencials.<\/li>\n<p><\/p>\n<\/ul>\n<p><\/p>\n<p><\/p>\n<p>Per a m\u00e9s informaci\u00f3 sobre com desactivar les galetes o gestionar les vostres prefer\u00e8ncies, podeu visitar la p\u00e0gina d&#8217;ajuda del vostre navegador.<\/p>\n<p><br><\/p>\n<p><br><\/p>\n<p><\/p>\n<p><\/p>\n<h4 class=\"wp-block-heading\">Consentiment<\/h4>\n<p><\/p>\n<p><\/p>\n<p>En utilitzar el nostre lloc web, acceptes l&#8217;\u00fas de galetes d&#8217;acord amb aquesta Pol\u00edtica de Cookies. Si no esteu d&#8217;acord amb l&#8217;\u00fas de cookies, us recomanem ajustar la configuraci\u00f3 del vostre navegador o no utilitzar aquest lloc. <\/p>\n<p><br><\/p>\n<p><br><\/p>\n<p><\/p>\n<p><\/p>\n<h4 class=\"wp-block-heading\">Actualitzacions de la Pol\u00edtica de Cookies<\/h4>\n<p><\/p>\n<p><\/p>\n<p>Podem actualitzar la nostra Pol\u00edtica de Cookies de tant en tant per reflectir canvis a la tecnologia o la legislaci\u00f3 vigent. Et recomanem revisar aquesta p\u00e0gina peri\u00f2dicament per estar informat sobre com utilitzem les galetes. <\/p>\n<p><\/p>\t\t\t\t\t\t\t\t<\/div>\n\t\t\t\t<\/div>\n\t\t\t\t\t<\/div>\n\t\t<\/div>\n\t\t\t\t\t<\/div>\n\t\t<\/section>\n\t\t\t\t<\/div>\n\t\t","protected":false},"excerpt":{"rendered":"<p>A hiitbarcelona.com, utilitzem cookies per millorar la teva experi\u00e8ncia de navegaci\u00f3, personalitzar el contingut que veus, i analitzar el tr\u00e0nsit del nostre lloc web. A continuaci\u00f3, t&#8217;expliquem qu\u00e8 s\u00f3n les galetes, quin tipus de galetes utilitzem, i com les pots gestionar. Qu\u00e8 s\u00f3n les galetes? Les cookies s\u00f3n petits arxius de text que s&#8217;emmagatzemen al [&hellip;]<\/p>\n","protected":false},"author":2,"featured_media":0,"parent":0,"menu_order":0,"comment_status":"closed","ping_status":"closed","template":"","meta":{"site-sidebar-layout":"default","site-content-layout":"","ast-site-content-layout":"default","site-content-style":"default","site-sidebar-style":"default","ast-global-header-display":"","ast-banner-title-visibility":"","ast-main-header-display":"","ast-hfb-above-header-display":"","ast-hfb-below-header-display":"","ast-hfb-mobile-header-display":"","site-post-title":"","ast-breadcrumbs-content":"","ast-featured-img":"","footer-sml-layout":"","ast-disable-related-posts":"","theme-transparent-header-meta":"","adv-header-id-meta":"","stick-header-meta":"","header-above-stick-meta":"","header-main-stick-meta":"","header-below-stick-meta":"","astra-migrate-meta-layouts":"default","ast-page-background-enabled":"default","ast-page-background-meta":{"desktop":{"background-color":"var(--ast-global-color-4)","background-image":"","background-repeat":"repeat","background-position":"center center","background-size":"auto","background-attachment":"scroll","background-type":"","background-media":"","overlay-type":"","overlay-color":"","overlay-opacity":"","overlay-gradient":""},"tablet":{"background-color":"","background-image":"","background-repeat":"repeat","background-position":"center center","background-size":"auto","background-attachment":"scroll","background-type":"","background-media":"","overlay-type":"","overlay-color":"","overlay-opacity":"","overlay-gradient":""},"mobile":{"background-color":"","background-image":"","background-repeat":"repeat","background-position":"center center","background-size":"auto","background-attachment":"scroll","background-type":"","background-media":"","overlay-type":"","overlay-color":"","overlay-opacity":"","overlay-gradient":""}},"ast-content-background-meta":{"desktop":{"background-color":"var(--ast-global-color-5)","background-image":"","background-repeat":"repeat","background-position":"center center","background-size":"auto","background-attachment":"scroll","background-type":"","background-media":"","overlay-type":"","overlay-color":"","overlay-opacity":"","overlay-gradient":""},"tablet":{"background-color":"var(--ast-global-color-5)","background-image":"","background-repeat":"repeat","background-position":"center center","background-size":"auto","background-attachment":"scroll","background-type":"","background-media":"","overlay-type":"","overlay-color":"","overlay-opacity":"","overlay-gradient":""},"mobile":{"background-color":"var(--ast-global-color-5)","background-image":"","background-repeat":"repeat","background-position":"center center","background-size":"auto","background-attachment":"scroll","background-type":"","background-media":"","overlay-type":"","overlay-color":"","overlay-opacity":"","overlay-gradient":""}},"footnotes":""},"class_list":["post-5062","page","type-page","status-publish","hentry"],"_links":{"self":[{"href":"https:\/\/hiitbarcelona.com\/ca\/wp-json\/wp\/v2\/pages\/5062","targetHints":{"allow":["GET"]}}],"collection":[{"href":"https:\/\/hiitbarcelona.com\/ca\/wp-json\/wp\/v2\/pages"}],"about":[{"href":"https:\/\/hiitbarcelona.com\/ca\/wp-json\/wp\/v2\/types\/page"}],"author":[{"embeddable":true,"href":"https:\/\/hiitbarcelona.com\/ca\/wp-json\/wp\/v2\/users\/2"}],"replies":[{"embeddable":true,"href":"https:\/\/hiitbarcelona.com\/ca\/wp-json\/wp\/v2\/comments?post=5062"}],"version-history":[{"count":2,"href":"https:\/\/hiitbarcelona.com\/ca\/wp-json\/wp\/v2\/pages\/5062\/revisions"}],"predecessor-version":[{"id":5079,"href":"https:\/\/hiitbarcelona.com\/ca\/wp-json\/wp\/v2\/pages\/5062\/revisions\/5079"}],"wp:attachment":[{"href":"https:\/\/hiitbarcelona.com\/ca\/wp-json\/wp\/v2\/media?parent=5062"}],"curies":[{"name":"wp","href":"https:\/\/api.w.org\/{rel}","templated":true}]}}