{"id":5083,"date":"2024-10-10T17:14:02","date_gmt":"2024-10-10T17:14:02","guid":{"rendered":"https:\/\/hiitbarcelona.com\/avis-legal\/"},"modified":"2024-10-25T04:32:12","modified_gmt":"2024-10-25T04:32:12","slug":"avis-legal","status":"publish","type":"page","link":"https:\/\/hiitbarcelona.com\/ca\/avis-legal\/","title":{"rendered":"Av\u00eds legal"},"content":{"rendered":"\t\t<div data-elementor-type=\"wp-page\" data-elementor-id=\"5083\" class=\"elementor elementor-5083 elementor-5080\" data-elementor-post-type=\"page\">\n\t\t\t\t\t\t<section class=\"elementor-section elementor-top-section elementor-element elementor-element-af7a63a elementor-section-boxed elementor-section-height-default elementor-section-height-default\" data-id=\"af7a63a\" data-element_type=\"section\" data-e-type=\"section\">\n\t\t\t\t\t\t<div class=\"elementor-container elementor-column-gap-default\">\n\t\t\t\t\t<div class=\"elementor-column elementor-col-100 elementor-top-column elementor-element elementor-element-3f330c2\" data-id=\"3f330c2\" data-element_type=\"column\" data-e-type=\"column\">\n\t\t\t<div class=\"elementor-widget-wrap elementor-element-populated\">\n\t\t\t\t\t\t<div class=\"elementor-element elementor-element-c189838 elementor-widget elementor-widget-text-editor\" data-id=\"c189838\" data-element_type=\"widget\" data-e-type=\"widget\" data-widget_type=\"text-editor.default\">\n\t\t\t\t<div class=\"elementor-widget-container\">\n\t\t\t\t\t\t\t\t\t<h4>1. Dades del Titular:<br><br><p><\/p>\n<\/h4>\n<p>En compliment del que disposen les normatives vigents (com el <strong>Reglament General de Protecci\u00f3 de Dades (RGPD)<\/strong> i altres normatives nacionals d&#8217;aplicaci\u00f3), s&#8217;informa que el titular del lloc web <strong>htpps:\/\/www.hiitbarcelona.com<\/strong> \u00e9s:<br><br><\/p>\n<ul>\n<li><strong>Nom del Titular o Empresa: Pere Quart SL<\/strong><\/li>\n<li><strong>Domicili <span style=\"font-size: 16px;\">: carrer de Llull 321<\/span><\/strong><\/li>\n<li><strong>CIF: B64607153<\/strong><\/li>\n<li><strong>Correu electr\u00f2nic: efito@perequart.com<\/strong><\/li>\n<li><strong>Tel\u00e8fon de contacte: 935514562<\/strong><\/li>\n<\/ul>\n<div>&nbsp;<\/div>\n<h4>2. Condicions d&#8217;\u00fas:<br><br><p><\/p>\n<\/h4>\n<p>L&#8217;acc\u00e9s i l&#8217;\u00fas d&#8217;aquest lloc web atribueix la condici\u00f3 d&#8217; <strong>usuari<\/strong> , cosa que implica l&#8217;acceptaci\u00f3 plena i sense reserves de totes les disposicions incloses en aquest <strong>Av\u00eds Legal<\/strong> i les altres pol\u00edtiques i condicions que es puguin incloure al lloc.<\/p>\n<p>L&#8217;usuari es compromet a fer un \u00fas adequat dels continguts i serveis del lloc web ia no fer-los servir per realitzar activitats il\u00b7l\u00edcites, il\u00b7legals o contr\u00e0ries a la bona fe ia l&#8217;ordre p\u00fablic.<\/p>\n<h4>&nbsp;<\/h4>\n<h4><br>3. Propietat Intel\u00b7lectual i Industrial:<br><br><\/h4>\n<p>Tots els continguts d&#8217;aquest lloc web, incloent-hi, per\u00f2 no limitant-se a textos, imatges, gr\u00e0fics, logotips, icones, botons, programari, noms comercials, marques o qualsevol altre signe susceptible d&#8217;\u00fas industrial i comercial estan protegits pels drets de propietat intel\u00b7lectual i industrial del titular del lloc web o de tercers que n&#8217;han autoritzat l&#8217;\u00fas.<\/p>\n<p>Queda prohibida la reproducci\u00f3, distribuci\u00f3, comunicaci\u00f3 p\u00fablica, transformaci\u00f3 o qualsevol altra forma dexplotaci\u00f3 dels continguts daquest lloc web sense el consentiment previ i per escrit del titular.<\/p>\n<h4>&nbsp;<\/h4>\n<h4>4. Responsabilitat dels Continguts:<br><br><\/h4>\n<p>El titular del lloc web no es fa responsable del mal \u00fas que es faci dels continguts del lloc web, sent exclusiva responsabilitat de lusuari que accedeix o els utilitza.<\/p>\n<p>El titular no garanteix la disponibilitat cont\u00ednua del lloc ni es responsabilitza de qualsevol dany o perjudici que pogu\u00e9s derivar-se de lacc\u00e9s o \u00fas del lloc, inclosos errors o inexactituds en els continguts o virus o altres elements nocius.<\/p>\n<h4>&nbsp;<\/h4>\n<h4>5. Enlla\u00e7os a Tercers:<br><br><\/h4>\n<p>Aquest lloc web pot contenir enlla\u00e7os a llocs web de tercers. El titular del lloc web no es fa responsable dels continguts ni de les pol\u00edtiques de privadesa d&#8217;aquests llocs.<\/p>\n<p>La inclusi\u00f3 d&#8217;aquests enlla\u00e7os no implica l&#8217;aprovaci\u00f3 ni la recomanaci\u00f3 del titular del lloc web dels continguts d&#8217;aquests llocs. L&#8217;acc\u00e9s a llocs de tercers \u00e9s responsabilitat exclusiva de l&#8217;usuari.<\/p>\n<h4>&nbsp;<\/h4>\n<h4>6. Protecci\u00f3 de Dades:<br><br><\/h4>\n<p>De conformitat amb el que disposa el <strong>Reglament General de Protecci\u00f3 de Dades (RGPD)<\/strong> , t&#8217;informem que les dades personals facilitades a trav\u00e9s dels formularis del lloc web seran tractats pel titular per a la gesti\u00f3 de les consultes i sol\u00b7licituds dels usuaris, aix\u00ed com per a l&#8217;enviament de comunicacions comercials, si \u00e9s el cas, previ consentiment.<\/p>\n<p>L&#8217;usuari pot exercir els drets d&#8217;acc\u00e9s, rectificaci\u00f3, cancel\u00b7laci\u00f3, oposici\u00f3 i portabilitat de les seves dades enviant una sol\u00b7licitud per correu electr\u00f2nic a efito@perequart.com.<\/p>\n<p>Per a m\u00e9s detalls sobre com fem servir les teves dades personals, consulta la nostra <span style=\"color: #993300;\"><a style=\"color: #993300;\" href=\"https:\/\/hiitbarcelona.com\/ca\/politica-de-privadesa\/\">pol\u00edtica de privadesa<\/a> .<\/span><\/p>\n<h4>&nbsp;<\/h4>\n<h4>7. Legislaci\u00f3 Aplicable i Jurisdicci\u00f3:<br><br><\/h4>\n<p>Aquest <strong>Av\u00eds Legal<\/strong> es regeix en tots i cadascun dels extrems per la legislaci\u00f3 vigent aplicable. Per a la resoluci\u00f3 de qualsevol conflicte que es pugui derivar de l&#8217;acc\u00e9s o \u00fas del lloc web, l&#8217;usuari i el titular acorden sotmetre&#8217;s als jutjats i tribunals del domicili de l&#8217;usuari, sempre que estigui en territori espanyol, o del titular si no n&#8217;hi ha. <\/p>\n<p><\/p>\n<h4><br><br>8. Modificacions de l&#8217;Av\u00eds Legal:<br><br><p><\/p>\n<\/h4>\n<p>El titular es reserva el dret a modificar en qualsevol moment i sense previ av\u00eds les condicions aqu\u00ed estipulades, sent degudament publicades tal com apareixen en aquest document. \u00c9s responsabilitat de l&#8217;usuari revisar peri\u00f2dicament aquest <strong>Av\u00eds Legal<\/strong> per estar informat de possibles canvis.<\/p>\t\t\t\t\t\t\t\t<\/div>\n\t\t\t\t<\/div>\n\t\t\t\t\t<\/div>\n\t\t<\/div>\n\t\t\t\t\t<\/div>\n\t\t<\/section>\n\t\t\t\t<\/div>\n\t\t","protected":false},"excerpt":{"rendered":"<p>1. Dades del Titular: En compliment del que disposen les normatives vigents (com el Reglament General de Protecci\u00f3 de Dades (RGPD) i altres normatives nacionals d&#8217;aplicaci\u00f3), s&#8217;informa que el titular del lloc web htpps:\/\/www.hiitbarcelona.com \u00e9s: Nom del Titular o Empresa: Pere Quart SL Domicili : carrer de Llull 321 CIF: B64607153 Correu electr\u00f2nic: efito@perequart.com Tel\u00e8fon [&hellip;]<\/p>\n","protected":false},"author":2,"featured_media":0,"parent":0,"menu_order":0,"comment_status":"closed","ping_status":"closed","template":"","meta":{"site-sidebar-layout":"no-sidebar","site-content-layout":"page-builder","ast-site-content-layout":"full-width-container","site-content-style":"default","site-sidebar-style":"default","ast-global-header-display":"","ast-banner-title-visibility":"","ast-main-header-display":"","ast-hfb-above-header-display":"","ast-hfb-below-header-display":"","ast-hfb-mobile-header-display":"","site-post-title":"disabled","ast-breadcrumbs-content":"","ast-featured-img":"disabled","footer-sml-layout":"","ast-disable-related-posts":"","theme-transparent-header-meta":"","adv-header-id-meta":"","stick-header-meta":"","header-above-stick-meta":"","header-main-stick-meta":"","header-below-stick-meta":"","astra-migrate-meta-layouts":"default","ast-page-background-enabled":"default","ast-page-background-meta":{"desktop":{"background-color":"var(--ast-global-color-4)","background-image":"","background-repeat":"repeat","background-position":"center center","background-size":"auto","background-attachment":"scroll","background-type":"","background-media":"","overlay-type":"","overlay-color":"","overlay-opacity":"","overlay-gradient":""},"tablet":{"background-color":"","background-image":"","background-repeat":"repeat","background-position":"center center","background-size":"auto","background-attachment":"scroll","background-type":"","background-media":"","overlay-type":"","overlay-color":"","overlay-opacity":"","overlay-gradient":""},"mobile":{"background-color":"","background-image":"","background-repeat":"repeat","background-position":"center center","background-size":"auto","background-attachment":"scroll","background-type":"","background-media":"","overlay-type":"","overlay-color":"","overlay-opacity":"","overlay-gradient":""}},"ast-content-background-meta":{"desktop":{"background-color":"var(--ast-global-color-5)","background-image":"","background-repeat":"repeat","background-position":"center center","background-size":"auto","background-attachment":"scroll","background-type":"","background-media":"","overlay-type":"","overlay-color":"","overlay-opacity":"","overlay-gradient":""},"tablet":{"background-color":"var(--ast-global-color-5)","background-image":"","background-repeat":"repeat","background-position":"center center","background-size":"auto","background-attachment":"scroll","background-type":"","background-media":"","overlay-type":"","overlay-color":"","overlay-opacity":"","overlay-gradient":""},"mobile":{"background-color":"var(--ast-global-color-5)","background-image":"","background-repeat":"repeat","background-position":"center center","background-size":"auto","background-attachment":"scroll","background-type":"","background-media":"","overlay-type":"","overlay-color":"","overlay-opacity":"","overlay-gradient":""}},"footnotes":""},"class_list":["post-5083","page","type-page","status-publish","hentry"],"_links":{"self":[{"href":"https:\/\/hiitbarcelona.com\/ca\/wp-json\/wp\/v2\/pages\/5083","targetHints":{"allow":["GET"]}}],"collection":[{"href":"https:\/\/hiitbarcelona.com\/ca\/wp-json\/wp\/v2\/pages"}],"about":[{"href":"https:\/\/hiitbarcelona.com\/ca\/wp-json\/wp\/v2\/types\/page"}],"author":[{"embeddable":true,"href":"https:\/\/hiitbarcelona.com\/ca\/wp-json\/wp\/v2\/users\/2"}],"replies":[{"embeddable":true,"href":"https:\/\/hiitbarcelona.com\/ca\/wp-json\/wp\/v2\/comments?post=5083"}],"version-history":[{"count":13,"href":"https:\/\/hiitbarcelona.com\/ca\/wp-json\/wp\/v2\/pages\/5083\/revisions"}],"predecessor-version":[{"id":5238,"href":"https:\/\/hiitbarcelona.com\/ca\/wp-json\/wp\/v2\/pages\/5083\/revisions\/5238"}],"wp:attachment":[{"href":"https:\/\/hiitbarcelona.com\/ca\/wp-json\/wp\/v2\/media?parent=5083"}],"curies":[{"name":"wp","href":"https:\/\/api.w.org\/{rel}","templated":true}]}}