{"id":5111,"date":"2024-10-10T17:20:40","date_gmt":"2024-10-10T17:20:40","guid":{"rendered":"https:\/\/hiitbarcelona.com\/politica-de-privadesa\/"},"modified":"2024-10-25T04:35:09","modified_gmt":"2024-10-25T04:35:09","slug":"politica-de-privadesa","status":"publish","type":"page","link":"https:\/\/hiitbarcelona.com\/ca\/politica-de-privadesa\/","title":{"rendered":"Pol\u00edtica de Privadesa"},"content":{"rendered":"\t\t<div data-elementor-type=\"wp-page\" data-elementor-id=\"5111\" class=\"elementor elementor-5111 elementor-5100\" data-elementor-post-type=\"page\">\n\t\t\t\t\t\t<section class=\"elementor-section elementor-top-section elementor-element elementor-element-9ebdabd elementor-section-boxed elementor-section-height-default elementor-section-height-default\" data-id=\"9ebdabd\" data-element_type=\"section\" data-e-type=\"section\">\n\t\t\t\t\t\t<div class=\"elementor-container elementor-column-gap-default\">\n\t\t\t\t\t<div class=\"elementor-column elementor-col-100 elementor-top-column elementor-element elementor-element-a7e1412\" data-id=\"a7e1412\" data-element_type=\"column\" data-e-type=\"column\">\n\t\t\t<div class=\"elementor-widget-wrap elementor-element-populated\">\n\t\t\t\t\t\t<div class=\"elementor-element elementor-element-330b69e elementor-widget elementor-widget-text-editor\" data-id=\"330b69e\" data-element_type=\"widget\" data-e-type=\"widget\" data-widget_type=\"text-editor.default\">\n\t\t\t\t<div class=\"elementor-widget-container\">\n\t\t\t\t\t\t\t\t\t<p style=\"caret-color: #000000; color: #000000; font-style: normal; font-weight: 400;\">A<span class=\"Apple-converted-space\">&nbsp;<\/span><strong>hiitbarcelona.com<\/strong> , ens comprometem a garantir la protecci\u00f3 i confidencialitat de les dades personals que ens proporciones. Aquesta Pol\u00edtica de Privadesa descriu com recopilem, utilitzem i protegim la teva informaci\u00f3 personal quan visites el nostre lloc web. <br><br><\/p>\n<p style=\"caret-color: #000000; color: #000000; font-style: normal; font-weight: 400;\">\n<\/p><h4 style=\"caret-color: #000000; color: #000000; font-style: normal;\">1. Responsable del Tractament:<br><br><\/h4>\n<ul style=\"caret-color: #000000; color: #000000; font-style: normal; font-weight: 400;\">\n<li><strong>Nom del Titular o Empresa: Pere Quart SL<\/strong><\/li>\n<li><strong>Domicili <span style=\"font-size: 16px;\">: carrer de Llull 321<\/span><\/strong><\/li>\n<li><strong>CIF: B64607153<\/strong><\/li>\n<li><strong>Correu electr\u00f2nic: efito@perequart.com<\/strong><\/li>\n<li><strong>Tel\u00e8fon de contacte: 935514562<\/strong><\/li>\n<\/ul>\n<h4 style=\"caret-color: #000000; color: #000000; font-style: normal;\"><br>2. Dades Recopilades:<br><br><\/h4>\n<p style=\"caret-color: #000000; color: #000000; font-style: normal; font-weight: 400;\">Quan accedeixes al nostre lloc web o utilitzes els nostres serveis, podem recopilar les categories de dades personals seg\u00fcents:<\/p>\n<ul style=\"caret-color: #000000; color: #000000; font-style: normal; font-weight: 400;\">\n<li><strong>Dades d&#8217;identificaci\u00f3<\/strong> : Nom, cognoms, adre\u00e7a de correu electr\u00f2nic, adre\u00e7a postal, tel\u00e8fon.<\/li>\n<li><strong>Dades de navegaci\u00f3<\/strong> : Adre\u00e7a IP, tipus de navegador, temps de visita, p\u00e0gines visitades, origen de la visita (per exemple, mitjan\u00e7ant un enlla\u00e7 a xarxes socials).<\/li>\n<li><strong>Altres dades proporcionades volunt\u00e0riament<\/strong> : A trav\u00e9s de formularis de contacte, subscripcions a newsletters, o sol\u00b7licituds d&#8217;informaci\u00f3.<\/li>\n<\/ul>\n<h4 style=\"caret-color: #000000; color: #000000; font-style: normal;\"><br>3. Finalitat del Tractament de les Dades:<br><br><\/h4>\n<p style=\"caret-color: #000000; color: #000000; font-style: normal; font-weight: 400;\">Les dades personals que ens proporciones seran tractades amb les finalitats seg\u00fcents:<\/p>\n<ul style=\"caret-color: #000000; color: #000000; font-style: normal; font-weight: 400;\">\n<li><strong>Atenci\u00f3 de consultes i sol\u00b7licituds<\/strong> : Utilitzem les teves dades per respondre les teves preguntes i sol\u00b7licituds enviades a trav\u00e9s dels nostres formularis o correu electr\u00f2nic.<\/li>\n<li><strong>Enviament de comunicacions comercials<\/strong> : Si d\u00f3nes el teu consentiment, podrem enviar-te informaci\u00f3 sobre els nostres productes, serveis, novetats, ofertes, i promocions.<\/li>\n<li><strong>Millora del lloc web<\/strong> : Analitzem el comportament dels usuaris per millorar el disseny i contingut del nostre lloc web, adaptant-lo millor als seus interessos.<\/li>\n<li><strong>Compliment d&#8217;obligacions legals<\/strong> : En alguns casos, podem necessitar tractar les teves dades per complir obligacions legals o contractuals.<\/li>\n<\/ul>\n<h4 style=\"caret-color: #000000; color: #000000; font-style: normal;\"><br>4. Base Legal del Tractament:<\/h4>\n<p style=\"caret-color: #000000; color: #000000; font-style: normal; font-weight: 400;\"><br>El tractament de les teves dades personals es basa en:<\/p>\n<ul style=\"caret-color: #000000; color: #000000; font-style: normal; font-weight: 400;\">\n<li><strong>El teu consentiment<\/strong> : Quan ens proporciones volunt\u00e0riament les teves dades, per exemple, en omplir un formulari o subscriure&#8217;t a un butllet\u00ed.<\/li>\n<li><strong>L&#8217;execuci\u00f3 d&#8217;un contracte<\/strong> : Quan les dades s\u00f3n necess\u00e0ries per a la prestaci\u00f3 d&#8217;un servei que heu sol\u00b7licitat.<\/li>\n<li><strong>Compliment d&#8217;una obligaci\u00f3 legal<\/strong> : Per al compliment d&#8217;obligacions legals a qu\u00e8 estem subjectes.<\/li>\n<li><strong>Inter\u00e8s leg\u00edtim<\/strong> : Per a la millora cont\u00ednua dels nostres productes, serveis i experi\u00e8ncia d&#8217;usuari.<\/li>\n<\/ul>\n<h4 style=\"caret-color: #000000; color: #000000; font-style: normal;\"><br>5. Conservaci\u00f3 de les Dades:<\/h4>\n<p style=\"caret-color: #000000; color: #000000; font-style: normal; font-weight: 400;\"><br>Conservem les teves dades personals nom\u00e9s durant el temps necessari per complir les finalitats per a les quals van ser recollides. Aix\u00f2 inclou el compliment de les obligacions legals o la resoluci\u00f3 de disputes. Quan les dades ja no siguin necess\u00e0ries, seran eliminades o anonimitzades de manera segura.  <\/p>\n<h4 style=\"caret-color: #000000; color: #000000; font-style: normal;\"><br><br>6. Comunicaci\u00f3 de Dades a Tercers:<\/h4>\n<p style=\"caret-color: #000000; color: #000000; font-style: normal; font-weight: 400;\"><br>No compartim, venem ni transferim les teves dades personals a tercers sense el teu consentiment previ, excepte en els casos seg\u00fcents:<\/p>\n<ul style=\"caret-color: #000000; color: #000000; font-style: normal; font-weight: 400;\">\n<li><strong>Prove\u00efdors de serveis<\/strong> : Per realitzar funcions en el nostre nom, com allotjament de servidors, an\u00e0lisi de dades, o enviament de correus electr\u00f2nics.<\/li>\n<li><strong>Obligacions legals<\/strong> : Quan sigui necessari per complir amb una obligaci\u00f3 legal, com respondre a requeriments judicials o regulatoris.<\/li>\n<\/ul>\n<p style=\"caret-color: #000000; color: #000000; font-style: normal; font-weight: 400;\">Tots els nostres prove\u00efdors de serveis estan obligats a complir estrictament les normatives de protecci\u00f3 de dades ia utilitzar les teves dades \u00fanicament per a les finalitats especificades.<\/p>\n<p style=\"caret-color: #000000; color: #000000; font-style: normal; font-weight: 400;\">\n<\/p><h4 style=\"caret-color: #000000; color: #000000; font-style: normal;\"><br><br>7. Drets dels Usuaris:<\/h4>\n<p style=\"caret-color: #000000; color: #000000; font-style: normal; font-weight: 400;\"><br>Tens dret a:<\/p>\n<ul style=\"caret-color: #000000; color: #000000; font-style: normal; font-weight: 400;\">\n<li><strong>Accedir a les teves dades personals<\/strong> : Sol\u00b7licitar una c\u00f2pia de les dades que tenim sobre tu.<\/li>\n<li><strong>Rectificar dades inexactes<\/strong> : Modificar les dades que siguin incorrectes o desactualitzades.<\/li>\n<li><strong>Sol\u00b7licitar la supressi\u00f3<\/strong>&nbsp; de les teves dades quan ja no siguin necess\u00e0ries per a les finalitats per a les quals van ser recollides.<\/li>\n<li><strong>Oposar-te al tractament<\/strong>&nbsp; de les teves dades per a determinats fins, com el m\u00e0rqueting directe.<\/li>\n<li><strong>Sol\u00b7licitar la limitaci\u00f3 del tractament<\/strong>&nbsp; en determinades circumst\u00e0ncies.<\/li>\n<li><strong>Portabilitat de les dades<\/strong> : Sol\u00b7licitar que les teves dades siguin transferides a un altre responsable del tractament en un format estructurat, d&#8217;\u00fas com\u00fa i lectura mec\u00e0nica.<\/li>\n<\/ul>\n<p style=\"caret-color: #000000; color: #000000; font-style: normal; font-weight: 400;\">Per exercir aquests drets, pots posar-te en contacte amb nosaltres enviant un correu electr\u00f2nic a&nbsp; <strong>efito@perequart.com.<br><\/strong> Haureu d&#8217;acompanyar la vostra sol\u00b7licitud amb una c\u00f2pia d&#8217;un document que acrediti la vostra identitat (DNI o passaport).<\/p>\n<p style=\"caret-color: #000000; color: #000000; font-style: normal; font-weight: 400;\">\n<\/p><h4 style=\"caret-color: #000000; color: #000000; font-style: normal;\"><br>8. Seguretat de les Dades:<br><br><\/h4>\n<p style=\"caret-color: #000000; color: #000000; font-style: normal; font-weight: 400;\">A<span class=\"Apple-converted-space\">&nbsp;<\/span><strong>hiitbarcelona.com<\/strong> , implementem mesures de seguretat t\u00e8cniques i organitzatives per protegir les vostres dades personals contra l&#8217;acc\u00e9s no autoritzat, la divulgaci\u00f3, l&#8217;alteraci\u00f3 o la destrucci\u00f3. Aquestes mesures es revisen i s&#8217;actualitzen peri\u00f2dicament per garantir la protecci\u00f3 de les dades. <\/p>\n<p style=\"caret-color: #000000; color: #000000; font-style: normal; font-weight: 400;\">\n<\/p><h4 style=\"caret-color: #000000; color: #000000; font-style: normal;\"><br>9. Modificacions a la Pol\u00edtica de Privadesa:<\/h4>\n<p style=\"caret-color: #000000; color: #000000; font-style: normal; font-weight: 400;\"><br>Ens reservem el dret d&#8217;actualitzar o modificar aquesta Pol\u00edtica de Privadesa en qualsevol moment per adaptar-nos a canvis normatius o noves pr\u00e0ctiques de tractament de dades. Qualsevol canvi ser\u00e0 degudament publicat en aquesta p\u00e0gina, per la qual cosa us recomanem revisar-la peri\u00f2dicament. <\/p>\n<p style=\"caret-color: #000000; color: #000000; font-style: normal; font-weight: 400;\">\n<\/p><h4 style=\"caret-color: #000000; color: #000000; font-style: normal;\"><br><br>10. Legislaci\u00f3 Aplicable:<\/h4>\n<p style=\"caret-color: #000000; color: #000000; font-style: normal; font-weight: 400;\"><br>Aquesta Pol\u00edtica de Privadesa es regeix per la legislaci\u00f3 vigent en mat\u00e8ria de protecci\u00f3 de dades, especialment pel&nbsp; <strong>Reglament General de Protecci\u00f3 de Dades (RGPD)<\/strong>&nbsp; i les normatives nacionals aplicables.<\/p>\t\t\t\t\t\t\t\t<\/div>\n\t\t\t\t<\/div>\n\t\t\t\t\t<\/div>\n\t\t<\/div>\n\t\t\t\t\t<\/div>\n\t\t<\/section>\n\t\t\t\t<\/div>\n\t\t","protected":false},"excerpt":{"rendered":"<p>A&nbsp;hiitbarcelona.com , ens comprometem a garantir la protecci\u00f3 i confidencialitat de les dades personals que ens proporciones. Aquesta Pol\u00edtica de Privadesa descriu com recopilem, utilitzem i protegim la teva informaci\u00f3 personal quan visites el nostre lloc web. 1. Responsable del Tractament: Nom del Titular o Empresa: Pere Quart SL Domicili : carrer de Llull 321 [&hellip;]<\/p>\n","protected":false},"author":2,"featured_media":0,"parent":0,"menu_order":0,"comment_status":"closed","ping_status":"closed","template":"","meta":{"site-sidebar-layout":"no-sidebar","site-content-layout":"page-builder","ast-site-content-layout":"full-width-container","site-content-style":"default","site-sidebar-style":"default","ast-global-header-display":"","ast-banner-title-visibility":"","ast-main-header-display":"","ast-hfb-above-header-display":"","ast-hfb-below-header-display":"","ast-hfb-mobile-header-display":"","site-post-title":"disabled","ast-breadcrumbs-content":"","ast-featured-img":"disabled","footer-sml-layout":"","ast-disable-related-posts":"","theme-transparent-header-meta":"","adv-header-id-meta":"","stick-header-meta":"","header-above-stick-meta":"","header-main-stick-meta":"","header-below-stick-meta":"","astra-migrate-meta-layouts":"default","ast-page-background-enabled":"default","ast-page-background-meta":{"desktop":{"background-color":"var(--ast-global-color-4)","background-image":"","background-repeat":"repeat","background-position":"center center","background-size":"auto","background-attachment":"scroll","background-type":"","background-media":"","overlay-type":"","overlay-color":"","overlay-opacity":"","overlay-gradient":""},"tablet":{"background-color":"","background-image":"","background-repeat":"repeat","background-position":"center center","background-size":"auto","background-attachment":"scroll","background-type":"","background-media":"","overlay-type":"","overlay-color":"","overlay-opacity":"","overlay-gradient":""},"mobile":{"background-color":"","background-image":"","background-repeat":"repeat","background-position":"center center","background-size":"auto","background-attachment":"scroll","background-type":"","background-media":"","overlay-type":"","overlay-color":"","overlay-opacity":"","overlay-gradient":""}},"ast-content-background-meta":{"desktop":{"background-color":"var(--ast-global-color-5)","background-image":"","background-repeat":"repeat","background-position":"center center","background-size":"auto","background-attachment":"scroll","background-type":"","background-media":"","overlay-type":"","overlay-color":"","overlay-opacity":"","overlay-gradient":""},"tablet":{"background-color":"var(--ast-global-color-5)","background-image":"","background-repeat":"repeat","background-position":"center center","background-size":"auto","background-attachment":"scroll","background-type":"","background-media":"","overlay-type":"","overlay-color":"","overlay-opacity":"","overlay-gradient":""},"mobile":{"background-color":"var(--ast-global-color-5)","background-image":"","background-repeat":"repeat","background-position":"center center","background-size":"auto","background-attachment":"scroll","background-type":"","background-media":"","overlay-type":"","overlay-color":"","overlay-opacity":"","overlay-gradient":""}},"footnotes":""},"class_list":["post-5111","page","type-page","status-publish","hentry"],"_links":{"self":[{"href":"https:\/\/hiitbarcelona.com\/ca\/wp-json\/wp\/v2\/pages\/5111","targetHints":{"allow":["GET"]}}],"collection":[{"href":"https:\/\/hiitbarcelona.com\/ca\/wp-json\/wp\/v2\/pages"}],"about":[{"href":"https:\/\/hiitbarcelona.com\/ca\/wp-json\/wp\/v2\/types\/page"}],"author":[{"embeddable":true,"href":"https:\/\/hiitbarcelona.com\/ca\/wp-json\/wp\/v2\/users\/2"}],"replies":[{"embeddable":true,"href":"https:\/\/hiitbarcelona.com\/ca\/wp-json\/wp\/v2\/comments?post=5111"}],"version-history":[{"count":3,"href":"https:\/\/hiitbarcelona.com\/ca\/wp-json\/wp\/v2\/pages\/5111\/revisions"}],"predecessor-version":[{"id":5248,"href":"https:\/\/hiitbarcelona.com\/ca\/wp-json\/wp\/v2\/pages\/5111\/revisions\/5248"}],"wp:attachment":[{"href":"https:\/\/hiitbarcelona.com\/ca\/wp-json\/wp\/v2\/media?parent=5111"}],"curies":[{"name":"wp","href":"https:\/\/api.w.org\/{rel}","templated":true}]}}