{"id":5060,"date":"2024-10-10T17:08:32","date_gmt":"2024-10-10T17:08:32","guid":{"rendered":"https:\/\/hiitbarcelona.com\/?page_id=5060"},"modified":"2024-10-10T17:11:52","modified_gmt":"2024-10-10T17:11:52","slug":"politica-de-cookies","status":"publish","type":"page","link":"https:\/\/hiitbarcelona.com\/es\/politica-de-cookies\/","title":{"rendered":"Pol\u00edtica de cookies"},"content":{"rendered":"\t\t<div data-elementor-type=\"wp-page\" data-elementor-id=\"5060\" class=\"elementor elementor-5060\" data-elementor-post-type=\"page\">\n\t\t\t\t\t\t<section class=\"elementor-section elementor-top-section elementor-element elementor-element-2845c31e elementor-section-boxed elementor-section-height-default elementor-section-height-default\" data-id=\"2845c31e\" data-element_type=\"section\" data-e-type=\"section\">\n\t\t\t\t\t\t<div class=\"elementor-container elementor-column-gap-default\">\n\t\t\t\t\t<div class=\"elementor-column elementor-col-100 elementor-top-column elementor-element elementor-element-346039d7\" data-id=\"346039d7\" data-element_type=\"column\" data-e-type=\"column\">\n\t\t\t<div class=\"elementor-widget-wrap elementor-element-populated\">\n\t\t\t\t\t\t<div class=\"elementor-element elementor-element-64d34252 elementor-widget elementor-widget-text-editor\" data-id=\"64d34252\" data-element_type=\"widget\" data-e-type=\"widget\" data-widget_type=\"text-editor.default\">\n\t\t\t\t<div class=\"elementor-widget-container\">\n\t\t\t\t\t\t\t\t\t<p><\/p>\n<p>En hiitbarcelona.com, utilizamos cookies para mejorar tu experiencia de navegaci\u00f3n, personalizar el contenido que ves, y analizar el tr\u00e1fico de nuestro sitio web. A continuaci\u00f3n, te explicamos qu\u00e9 son las cookies, qu\u00e9 tipo de cookies utilizamos, y c\u00f3mo puedes gestionarlas.<\/p><p><br><\/p>\n<p><\/p>\n<p><\/p>\n<h4 class=\"wp-block-heading\">\u00bfQu\u00e9 son las cookies?<\/h4>\n<p><\/p>\n<p><\/p>\n<p>Las cookies son peque\u00f1os archivos de texto que se almacenan en tu dispositivo (ordenador, smartphone, tablet) cuando visitas nuestro sitio web. Estas cookies permiten que el sitio recuerde tus acciones y preferencias durante un per\u00edodo de tiempo, para que no tengas que volver a configurarlas cada vez que nos visites.<\/p>\n<p><br><\/p>\n<p><\/p>\n<p><\/p>\n<h4 class=\"wp-block-heading\">Tipos de cookies que utilizamos:<\/h4>\n<p><\/p>\n<p><\/p>\n<ol class=\"wp-block-list\"><p><\/p>\n<li><strong>Cookies estrictamente necesarias<\/strong>: Son esenciales para que puedas navegar por el sitio web y utilizar sus funciones. Sin ellas, no podr\u00edas acceder a servicios como el inicio de sesi\u00f3n o la personalizaci\u00f3n de contenido.<\/li>\n<p><\/p>\n<p><\/p>\n<li><strong>Cookies de rendimiento<\/strong>: Recogen informaci\u00f3n sobre c\u00f3mo los usuarios interact\u00faan con nuestro sitio web, por ejemplo, las p\u00e1ginas m\u00e1s visitadas o si experimentan errores en algunas p\u00e1ginas. Estos datos son an\u00f3nimos y nos ayudan a mejorar el funcionamiento del sitio.<\/li>\n<p><\/p>\n<p><\/p>\n<li><strong>Cookies de funcionalidad<\/strong>: Permiten que el sitio web recuerde las elecciones que has hecho (como tu nombre de usuario, idioma o regi\u00f3n) y proporcionan caracter\u00edsticas mejoradas y m\u00e1s personales.<\/li>\n<p><\/p>\n<p><\/p>\n<li><strong>Cookies de publicidad<\/strong>: Estas cookies se utilizan para hacer que la publicidad sea m\u00e1s relevante para ti y tus intereses. Tambi\u00e9n pueden limitar la cantidad de veces que ves un anuncio y medir la efectividad de las campa\u00f1as publicitarias.<\/li>\n<\/ol>\n<div><br><\/div>\n<ol class=\"wp-block-list\">\n<p><\/p>\n<\/ol>\n<p><\/p>\n<p><\/p>\n<h4 class=\"wp-block-heading\">\u00bfC\u00f3mo puedes gestionar las cookies?<\/h4>\n<p><\/p>\n<p><\/p>\n<p>Puedes controlar y gestionar las cookies de varias maneras. La mayor\u00eda de los navegadores te permiten bloquear o eliminar las cookies a trav\u00e9s de la configuraci\u00f3n. Ten en cuenta que, si eliges bloquear cookies, es posible que algunas funcionalidades del sitio web se vean afectadas.<\/p>\n<p><\/p>\n<p><\/p>\n<ul class=\"wp-block-list\"><p><\/p>\n<li><strong>Configuraci\u00f3n del navegador<\/strong>: Puedes ajustar la configuraci\u00f3n de tu navegador para aceptar o rechazar cookies.<\/li>\n<p><\/p>\n<p><\/p>\n<li><strong>Panel de control de cookies<\/strong>: Al visitar nuestra web por primera vez, te ofrecemos un panel de control donde puedes aceptar o rechazar las cookies no esenciales.<\/li>\n<p><\/p>\n<\/ul>\n<p><\/p>\n<p><\/p>\n<p>Para m\u00e1s informaci\u00f3n sobre c\u00f3mo desactivar las cookies o gestionar tus preferencias, puedes visitar la p\u00e1gina de ayuda de tu navegador.<\/p>\n<p><br><\/p>\n<p><br><\/p>\n<p><\/p>\n<p><\/p>\n<h4 class=\"wp-block-heading\">Consentimiento<\/h4>\n<p><\/p>\n<p><\/p>\n<p>Al utilizar nuestro sitio web, aceptas el uso de cookies de acuerdo con esta Pol\u00edtica de Cookies. Si no est\u00e1s de acuerdo con el uso de cookies, te recomendamos ajustar la configuraci\u00f3n de tu navegador o no utilizar este sitio.<\/p>\n<p><br><\/p>\n<p><br><\/p>\n<p><\/p>\n<p><\/p>\n<h4 class=\"wp-block-heading\">Actualizaciones de la Pol\u00edtica de Cookies<\/h4>\n<p><\/p>\n<p><\/p>\n<p>Podemos actualizar nuestra Pol\u00edtica de Cookies de vez en cuando para reflejar cambios en la tecnolog\u00eda o la legislaci\u00f3n vigente. Te recomendamos revisar esta p\u00e1gina peri\u00f3dicamente para estar informado sobre c\u00f3mo utilizamos las cookies.<\/p>\n<p><\/p>\t\t\t\t\t\t\t\t<\/div>\n\t\t\t\t<\/div>\n\t\t\t\t\t<\/div>\n\t\t<\/div>\n\t\t\t\t\t<\/div>\n\t\t<\/section>\n\t\t\t\t<\/div>\n\t\t","protected":false},"excerpt":{"rendered":"<p>En hiitbarcelona.com, utilizamos cookies para mejorar tu experiencia de navegaci\u00f3n, personalizar el contenido que ves, y analizar el tr\u00e1fico de nuestro sitio web. A continuaci\u00f3n, te explicamos qu\u00e9 son las cookies, qu\u00e9 tipo de cookies utilizamos, y c\u00f3mo puedes gestionarlas. \u00bfQu\u00e9 son las cookies? Las cookies son peque\u00f1os archivos de texto que se almacenan en [&hellip;]<\/p>\n","protected":false},"author":2,"featured_media":0,"parent":0,"menu_order":0,"comment_status":"closed","ping_status":"closed","template":"","meta":{"site-sidebar-layout":"default","site-content-layout":"","ast-site-content-layout":"default","site-content-style":"default","site-sidebar-style":"default","ast-global-header-display":"","ast-banner-title-visibility":"","ast-main-header-display":"","ast-hfb-above-header-display":"","ast-hfb-below-header-display":"","ast-hfb-mobile-header-display":"","site-post-title":"","ast-breadcrumbs-content":"","ast-featured-img":"","footer-sml-layout":"","ast-disable-related-posts":"","theme-transparent-header-meta":"","adv-header-id-meta":"","stick-header-meta":"","header-above-stick-meta":"","header-main-stick-meta":"","header-below-stick-meta":"","astra-migrate-meta-layouts":"set","ast-page-background-enabled":"default","ast-page-background-meta":{"desktop":{"background-color":"var(--ast-global-color-4)","background-image":"","background-repeat":"repeat","background-position":"center center","background-size":"auto","background-attachment":"scroll","background-type":"","background-media":"","overlay-type":"","overlay-color":"","overlay-opacity":"","overlay-gradient":""},"tablet":{"background-color":"","background-image":"","background-repeat":"repeat","background-position":"center center","background-size":"auto","background-attachment":"scroll","background-type":"","background-media":"","overlay-type":"","overlay-color":"","overlay-opacity":"","overlay-gradient":""},"mobile":{"background-color":"","background-image":"","background-repeat":"repeat","background-position":"center center","background-size":"auto","background-attachment":"scroll","background-type":"","background-media":"","overlay-type":"","overlay-color":"","overlay-opacity":"","overlay-gradient":""}},"ast-content-background-meta":{"desktop":{"background-color":"var(--ast-global-color-5)","background-image":"","background-repeat":"repeat","background-position":"center center","background-size":"auto","background-attachment":"scroll","background-type":"","background-media":"","overlay-type":"","overlay-color":"","overlay-opacity":"","overlay-gradient":""},"tablet":{"background-color":"var(--ast-global-color-5)","background-image":"","background-repeat":"repeat","background-position":"center center","background-size":"auto","background-attachment":"scroll","background-type":"","background-media":"","overlay-type":"","overlay-color":"","overlay-opacity":"","overlay-gradient":""},"mobile":{"background-color":"var(--ast-global-color-5)","background-image":"","background-repeat":"repeat","background-position":"center center","background-size":"auto","background-attachment":"scroll","background-type":"","background-media":"","overlay-type":"","overlay-color":"","overlay-opacity":"","overlay-gradient":""}},"footnotes":""},"class_list":["post-5060","page","type-page","status-publish","hentry"],"_links":{"self":[{"href":"https:\/\/hiitbarcelona.com\/es\/wp-json\/wp\/v2\/pages\/5060","targetHints":{"allow":["GET"]}}],"collection":[{"href":"https:\/\/hiitbarcelona.com\/es\/wp-json\/wp\/v2\/pages"}],"about":[{"href":"https:\/\/hiitbarcelona.com\/es\/wp-json\/wp\/v2\/types\/page"}],"author":[{"embeddable":true,"href":"https:\/\/hiitbarcelona.com\/es\/wp-json\/wp\/v2\/users\/2"}],"replies":[{"embeddable":true,"href":"https:\/\/hiitbarcelona.com\/es\/wp-json\/wp\/v2\/comments?post=5060"}],"version-history":[{"count":10,"href":"https:\/\/hiitbarcelona.com\/es\/wp-json\/wp\/v2\/pages\/5060\/revisions"}],"predecessor-version":[{"id":5074,"href":"https:\/\/hiitbarcelona.com\/es\/wp-json\/wp\/v2\/pages\/5060\/revisions\/5074"}],"wp:attachment":[{"href":"https:\/\/hiitbarcelona.com\/es\/wp-json\/wp\/v2\/media?parent=5060"}],"curies":[{"name":"wp","href":"https:\/\/api.w.org\/{rel}","templated":true}]}}