{"id":5080,"date":"2024-10-10T17:14:02","date_gmt":"2024-10-10T17:14:02","guid":{"rendered":"https:\/\/hiitbarcelona.com\/?page_id=5080"},"modified":"2024-10-25T04:28:44","modified_gmt":"2024-10-25T04:28:44","slug":"aviso-legal","status":"publish","type":"page","link":"https:\/\/hiitbarcelona.com\/es\/aviso-legal\/","title":{"rendered":"Aviso legal"},"content":{"rendered":"\t\t<div data-elementor-type=\"wp-page\" data-elementor-id=\"5080\" class=\"elementor elementor-5080\" data-elementor-post-type=\"page\">\n\t\t\t\t\t\t<section class=\"elementor-section elementor-top-section elementor-element elementor-element-af7a63a elementor-section-boxed elementor-section-height-default elementor-section-height-default\" data-id=\"af7a63a\" data-element_type=\"section\" data-e-type=\"section\">\n\t\t\t\t\t\t<div class=\"elementor-container elementor-column-gap-default\">\n\t\t\t\t\t<div class=\"elementor-column elementor-col-100 elementor-top-column elementor-element elementor-element-3f330c2\" data-id=\"3f330c2\" data-element_type=\"column\" data-e-type=\"column\">\n\t\t\t<div class=\"elementor-widget-wrap elementor-element-populated\">\n\t\t\t\t\t\t<div class=\"elementor-element elementor-element-c189838 elementor-widget elementor-widget-text-editor\" data-id=\"c189838\" data-element_type=\"widget\" data-e-type=\"widget\" data-widget_type=\"text-editor.default\">\n\t\t\t\t<div class=\"elementor-widget-container\">\n\t\t\t\t\t\t\t\t\t<h4>1. Datos del Titular:<br><br><\/h4>\n<p>En cumplimiento con lo dispuesto por las normativas vigentes (como el <strong>Reglamento General de Protecci\u00f3n de Datos (RGPD)<\/strong> y otras normativas nacionales de aplicaci\u00f3n), se informa que el titular del sitio web <strong>htpps:\/\/www.hiitbarcelona.com <\/strong>es:<br><br><\/p>\n<ul>\n<li><strong>Nombre del Titular o Empresa: Pere Quart S.L.<\/strong><\/li>\n<li><strong>Domicilio<span style=\"font-size: 16px;\">: carrer de Llull 321<\/span><\/strong><\/li>\n<li><strong>CIF: B64607153<\/strong><\/li>\n<li><strong>Correo electr\u00f3nico: efito@perequart.com<\/strong><\/li>\n<li><strong>Tel\u00e9fono de contacto: 935514562<\/strong><\/li>\n<\/ul>\n<div>&nbsp;<\/div>\n<h4>2. Condiciones de Uso:<br><br><p><\/p>\n<\/h4>\n<p>El acceso y uso de este sitio web atribuye la condici\u00f3n de <strong>usuario<\/strong>, lo que implica la aceptaci\u00f3n plena y sin reservas de todas las disposiciones incluidas en este <strong>Aviso Legal<\/strong> y las dem\u00e1s pol\u00edticas y condiciones que se puedan incluir en el sitio.<\/p>\n<p>El usuario se compromete a hacer un uso adecuado de los contenidos y servicios del sitio web y a no emplearlos para realizar actividades il\u00edcitas, ilegales o contrarias a la buena fe y al orden p\u00fablico.<\/p>\n<h4>\n<p><br><br>3. Propiedad Intelectual e Industrial:<\/p>\n<\/h4>\n<p><br>Todos los contenidos de este sitio web, incluyendo, pero no limit\u00e1ndose a, textos, im\u00e1genes, gr\u00e1ficos, logotipos, iconos, botones, software, nombres comerciales, marcas o cualquier otro signo susceptible de uso industrial y comercial est\u00e1n protegidos por los derechos de propiedad intelectual e industrial del titular del sitio web o de terceros que han autorizado su uso.<\/p>\n<p>Queda prohibida la reproducci\u00f3n, distribuci\u00f3n, comunicaci\u00f3n p\u00fablica, transformaci\u00f3n o cualquier otra forma de explotaci\u00f3n de los contenidos de este sitio web sin el consentimiento previo y por escrito del titular.<\/p>\n<h4>\n<p><br><br>4. Responsabilidad de los Contenidos:<\/p>\n<\/h4>\n<p><br>El titular del sitio web no se hace responsable del mal uso que se realice de los contenidos del sitio web, siendo exclusiva responsabilidad del usuario que accede o los utiliza.<\/p>\n<p>El titular no garantiza la disponibilidad continua del sitio ni se responsabiliza de cualquier da\u00f1o o perjuicio que pudiera derivarse del acceso o uso del sitio, incluidos errores o inexactitudes en los contenidos o virus u otros elementos da\u00f1inos.<\/p>\n<h4>\n<p><br><br>5. Enlaces a Terceros:<\/p>\n<\/h4>\n<p><br>Este sitio web puede contener enlaces a sitios web de terceros. El titular del sitio web no se hace responsable de los contenidos ni de las pol\u00edticas de privacidad de esos sitios.<\/p>\n<p>La inclusi\u00f3n de estos enlaces no implica la aprobaci\u00f3n ni la recomendaci\u00f3n por parte del titular del sitio web de los contenidos de esos sitios. El acceso a sitios de terceros es responsabilidad exclusiva del usuario.<\/p>\n<h4>\n<p><br><br>6. Protecci\u00f3n de Datos:<\/p>\n<\/h4>\n<p><br>De conformidad con lo dispuesto en la <strong>Reglamento General de Protecci\u00f3n de Datos (RGPD)<\/strong>, te informamos de que los datos personales facilitados a trav\u00e9s de los formularios del sitio web ser\u00e1n tratados por el titular para la gesti\u00f3n de las consultas y solicitudes de los usuarios, as\u00ed como para el env\u00edo de comunicaciones comerciales, en su caso, previo consentimiento.<\/p>\n<p>El usuario puede ejercer sus derechos de acceso, rectificaci\u00f3n, cancelaci\u00f3n, oposici\u00f3n y portabilidad de sus datos enviando una solicitud por correo electr\u00f3nico a efito@perequart.com.<\/p>\n<p>Para m\u00e1s detalles sobre c\u00f3mo manejamos tus datos personales, consulta nuestra<span style=\"color: #993300;\"> <a style=\"color: #993300;\" href=\"https:\/\/hiitbarcelona.com\/es\/politica-de-privacidad\/\">pol\u00edtica de privacidad<\/a>.<\/span><\/p>\n<h4>\n<p><br><br>7. Legislaci\u00f3n Aplicable y Jurisdicci\u00f3n:<\/p>\n<\/h4>\n<p><br>Este <strong>Aviso Legal<\/strong> se rige en todos y cada uno de sus extremos por la legislaci\u00f3n vigente aplicable. Para la resoluci\u00f3n de cualquier conflicto que pudiera derivarse del acceso o uso del sitio web, el usuario y el titular acuerdan someterse a los juzgados y tribunales del domicilio del usuario, siempre que est\u00e9 en territorio espa\u00f1ol, o del titular en su defecto.<br><br><br><\/p>\n<h4>8. Modificaciones del Aviso Legal:<br><br><\/h4>\n<p>El titular se reserva el derecho a modificar en cualquier momento y sin previo aviso las condiciones aqu\u00ed estipuladas, siendo debidamente publicadas tal y como aparecen en este documento. Es responsabilidad del usuario revisar peri\u00f3dicamente este <strong>Aviso Legal<\/strong> para estar informado de posibles cambios.<\/p>\t\t\t\t\t\t\t\t<\/div>\n\t\t\t\t<\/div>\n\t\t\t\t\t<\/div>\n\t\t<\/div>\n\t\t\t\t\t<\/div>\n\t\t<\/section>\n\t\t\t\t<\/div>\n\t\t","protected":false},"excerpt":{"rendered":"<p>1. Datos del Titular: En cumplimiento con lo dispuesto por las normativas vigentes (como el Reglamento General de Protecci\u00f3n de Datos (RGPD) y otras normativas nacionales de aplicaci\u00f3n), se informa que el titular del sitio web htpps:\/\/www.hiitbarcelona.com es: Nombre del Titular o Empresa: Pere Quart S.L. Domicilio: carrer de Llull 321 CIF: B64607153 Correo electr\u00f3nico: [&hellip;]<\/p>\n","protected":false},"author":2,"featured_media":0,"parent":0,"menu_order":0,"comment_status":"closed","ping_status":"closed","template":"","meta":{"site-sidebar-layout":"no-sidebar","site-content-layout":"page-builder","ast-site-content-layout":"full-width-container","site-content-style":"default","site-sidebar-style":"default","ast-global-header-display":"","ast-banner-title-visibility":"","ast-main-header-display":"","ast-hfb-above-header-display":"","ast-hfb-below-header-display":"","ast-hfb-mobile-header-display":"","site-post-title":"disabled","ast-breadcrumbs-content":"","ast-featured-img":"disabled","footer-sml-layout":"","ast-disable-related-posts":"","theme-transparent-header-meta":"","adv-header-id-meta":"","stick-header-meta":"","header-above-stick-meta":"","header-main-stick-meta":"","header-below-stick-meta":"","astra-migrate-meta-layouts":"set","ast-page-background-enabled":"default","ast-page-background-meta":{"desktop":{"background-color":"var(--ast-global-color-4)","background-image":"","background-repeat":"repeat","background-position":"center center","background-size":"auto","background-attachment":"scroll","background-type":"","background-media":"","overlay-type":"","overlay-color":"","overlay-opacity":"","overlay-gradient":""},"tablet":{"background-color":"","background-image":"","background-repeat":"repeat","background-position":"center center","background-size":"auto","background-attachment":"scroll","background-type":"","background-media":"","overlay-type":"","overlay-color":"","overlay-opacity":"","overlay-gradient":""},"mobile":{"background-color":"","background-image":"","background-repeat":"repeat","background-position":"center center","background-size":"auto","background-attachment":"scroll","background-type":"","background-media":"","overlay-type":"","overlay-color":"","overlay-opacity":"","overlay-gradient":""}},"ast-content-background-meta":{"desktop":{"background-color":"var(--ast-global-color-5)","background-image":"","background-repeat":"repeat","background-position":"center center","background-size":"auto","background-attachment":"scroll","background-type":"","background-media":"","overlay-type":"","overlay-color":"","overlay-opacity":"","overlay-gradient":""},"tablet":{"background-color":"var(--ast-global-color-5)","background-image":"","background-repeat":"repeat","background-position":"center center","background-size":"auto","background-attachment":"scroll","background-type":"","background-media":"","overlay-type":"","overlay-color":"","overlay-opacity":"","overlay-gradient":""},"mobile":{"background-color":"var(--ast-global-color-5)","background-image":"","background-repeat":"repeat","background-position":"center center","background-size":"auto","background-attachment":"scroll","background-type":"","background-media":"","overlay-type":"","overlay-color":"","overlay-opacity":"","overlay-gradient":""}},"footnotes":""},"class_list":["post-5080","page","type-page","status-publish","hentry"],"_links":{"self":[{"href":"https:\/\/hiitbarcelona.com\/es\/wp-json\/wp\/v2\/pages\/5080","targetHints":{"allow":["GET"]}}],"collection":[{"href":"https:\/\/hiitbarcelona.com\/es\/wp-json\/wp\/v2\/pages"}],"about":[{"href":"https:\/\/hiitbarcelona.com\/es\/wp-json\/wp\/v2\/types\/page"}],"author":[{"embeddable":true,"href":"https:\/\/hiitbarcelona.com\/es\/wp-json\/wp\/v2\/users\/2"}],"replies":[{"embeddable":true,"href":"https:\/\/hiitbarcelona.com\/es\/wp-json\/wp\/v2\/comments?post=5080"}],"version-history":[{"count":25,"href":"https:\/\/hiitbarcelona.com\/es\/wp-json\/wp\/v2\/pages\/5080\/revisions"}],"predecessor-version":[{"id":5230,"href":"https:\/\/hiitbarcelona.com\/es\/wp-json\/wp\/v2\/pages\/5080\/revisions\/5230"}],"wp:attachment":[{"href":"https:\/\/hiitbarcelona.com\/es\/wp-json\/wp\/v2\/media?parent=5080"}],"curies":[{"name":"wp","href":"https:\/\/api.w.org\/{rel}","templated":true}]}}